{"id":206,"date":"2024-01-26T09:51:51","date_gmt":"2024-01-26T09:51:51","guid":{"rendered":"https:\/\/digitaloutreach.pt\/?page_id=206"},"modified":"2024-02-22T16:32:29","modified_gmt":"2024-02-22T16:32:29","slug":"desenvolvimento-e-integracao","status":"publish","type":"page","link":"https:\/\/digitaloutreach.pt\/en\/desenvolvimento-e-integracao\/","title":{"rendered":"Development and Integration"},"content":{"rendered":"<div data-elementor-type=\"wp-page\" data-elementor-id=\"206\" class=\"elementor elementor-206\">\n\t\t\t\t<div class=\"elementor-element elementor-element-92e3793 e-con-full e-flex wpr-particle-no wpr-jarallax-no wpr-parallax-no wpr-sticky-section-no e-con e-parent\" data-id=\"92e3793\" data-element_type=\"container\" data-settings=\"{&quot;background_background&quot;:&quot;classic&quot;}\">\n\t\t\t\t<div class=\"elementor-element elementor-element-75435cb elementor-widget elementor-widget-heading\" data-id=\"75435cb\" data-element_type=\"widget\" data-widget_type=\"heading.default\">\n\t\t\t\t<div class=\"elementor-widget-container\">\n\t\t\t\t\t<h1 class=\"elementor-heading-title elementor-size-default\">Development and Integration with OutSystems: <br>Turn ideas into digital reality<\/h1>\t\t\t\t<\/div>\n\t\t\t\t<\/div>\n\t\t\t\t<\/div>\n\t\t<div class=\"elementor-element elementor-element-ed932d6 e-con-full e-flex wpr-particle-no wpr-jarallax-no wpr-parallax-no wpr-sticky-section-no e-con e-parent\" data-id=\"ed932d6\" data-element_type=\"container\">\n\t\t\t\t<div class=\"elementor-element elementor-element-bd52b33 elementor-widget elementor-widget-heading\" data-id=\"bd52b33\" data-element_type=\"widget\" data-widget_type=\"heading.default\">\n\t\t\t\t<div class=\"elementor-widget-container\">\n\t\t\t\t\t<h2 class=\"elementor-heading-title elementor-size-default\">Get a higher ROI<\/h2>\t\t\t\t<\/div>\n\t\t\t\t<\/div>\n\t\t\t\t<\/div>\n\t\t<div class=\"elementor-element elementor-element-b207124 e-con-full e-flex wpr-particle-no wpr-jarallax-no wpr-parallax-no wpr-sticky-section-no e-con e-parent\" data-id=\"b207124\" data-element_type=\"container\">\n\t\t\t\t<div class=\"elementor-element elementor-element-1d1587d elementor-widget elementor-widget-text-editor\" data-id=\"1d1587d\" data-element_type=\"widget\" data-widget_type=\"text-editor.default\">\n\t\t\t\t<div class=\"elementor-widget-container\">\n\t\t\t\t\t\t\t\t\t<p>Explore the world of development and integration with OutSystems, where innovation meets efficiency. <\/p><p class=\"translation-block\">From conception to implementation, immerse yourself in customized solutions that<br>empower your ideas, transforming them into meaningful digital experiences.<\/p><p class=\"translation-block\">Find out how our agile and low-code approach speeds up the<br>development cycle, allowing you to achieve goals effectively and competitively.<\/p>\t\t\t\t\t\t\t\t<\/div>\n\t\t\t\t<\/div>\n\t\t\t\t<\/div>\n\t\t<div class=\"elementor-element elementor-element-b6ff883 e-con-full e-flex wpr-particle-no wpr-jarallax-no wpr-parallax-no wpr-sticky-section-no e-con e-parent\" data-id=\"b6ff883\" data-element_type=\"container\">\n\t\t\t\t<div class=\"elementor-element elementor-element-c8dc5ec elementor-widget elementor-widget-counter\" data-id=\"c8dc5ec\" data-element_type=\"widget\" data-widget_type=\"counter.default\">\n\t\t\t\t<div class=\"elementor-widget-container\">\n\t\t\t\t\t\t\t<div class=\"elementor-counter\">\n\t\t\t<div class=\"elementor-counter-title\">Months<br>Break even point *<\/div>\t\t\t<div class=\"elementor-counter-number-wrapper\">\n\t\t\t\t<span class=\"elementor-counter-number-prefix\"><\/span>\n\t\t\t\t<span class=\"elementor-counter-number\" data-duration=\"2000\" data-to-value=\"6\" data-from-value=\"0\" data-delimiter=\",\">0<\/span>\n\t\t\t\t<span class=\"elementor-counter-number-suffix\"><\/span>\n\t\t\t<\/div>\n\t\t<\/div>\n\t\t\t\t\t\t<\/div>\n\t\t\t\t<\/div>\n\t\t\t\t<div class=\"elementor-element elementor-element-afbb8a2 elementor-widget elementor-widget-counter\" data-id=\"afbb8a2\" data-element_type=\"widget\" data-widget_type=\"counter.default\">\n\t\t\t\t<div class=\"elementor-widget-container\">\n\t\t\t\t\t\t\t<div class=\"elementor-counter\">\n\t\t\t<div class=\"elementor-counter-title\">Average return on investment in 3 years *<\/div>\t\t\t<div class=\"elementor-counter-number-wrapper\">\n\t\t\t\t<span class=\"elementor-counter-number-prefix\"><\/span>\n\t\t\t\t<span class=\"elementor-counter-number\" data-duration=\"2000\" data-to-value=\"500\" data-from-value=\"0\" data-delimiter=\",\">0<\/span>\n\t\t\t\t<span class=\"elementor-counter-number-suffix\">%<\/span>\n\t\t\t<\/div>\n\t\t<\/div>\n\t\t\t\t\t\t<\/div>\n\t\t\t\t<\/div>\n\t\t\t\t<div class=\"elementor-element elementor-element-e16e24c elementor-widget elementor-widget-counter\" data-id=\"e16e24c\" data-element_type=\"widget\" data-widget_type=\"counter.default\">\n\t\t\t\t<div class=\"elementor-widget-container\">\n\t\t\t\t\t\t\t<div class=\"elementor-counter\">\n\t\t\t<div class=\"elementor-counter-title translation-block\">Savings in development costs,<br>SW evolution and maintenance *<\/div>\t\t\t<div class=\"elementor-counter-number-wrapper\">\n\t\t\t\t<span class=\"elementor-counter-number-prefix\"><\/span>\n\t\t\t\t<span class=\"elementor-counter-number\" data-duration=\"2000\" data-to-value=\"31\" data-from-value=\"0\" data-delimiter=\",\">0<\/span>\n\t\t\t\t<span class=\"elementor-counter-number-suffix\">%<\/span>\n\t\t\t<\/div>\n\t\t<\/div>\n\t\t\t\t\t\t<\/div>\n\t\t\t\t<\/div>\n\t\t\t\t<\/div>\n\t\t<div class=\"elementor-element elementor-element-95fcca8 e-con-full e-flex wpr-particle-no wpr-jarallax-no wpr-parallax-no wpr-sticky-section-no e-con e-parent\" data-id=\"95fcca8\" data-element_type=\"container\">\n\t\t\t\t<div class=\"elementor-element elementor-element-6acd47e elementor-widget elementor-widget-text-editor\" data-id=\"6acd47e\" data-element_type=\"widget\" data-widget_type=\"text-editor.default\">\n\t\t\t\t<div class=\"elementor-widget-container\">\n\t\t\t\t\t\t\t\t\t<p><span style=\"color: #000000;\">*<\/span> Data based on the Forrester TEI 2022 Report, commissioned by Outsystems<\/p>\t\t\t\t\t\t\t\t<\/div>\n\t\t\t\t<\/div>\n\t\t\t\t<\/div>\n\t\t<div class=\"elementor-element elementor-element-dfa6706 e-con-full elementor-hidden-mobile e-flex wpr-particle-no wpr-jarallax-no wpr-parallax-no wpr-sticky-section-no e-con e-parent\" data-id=\"dfa6706\" data-element_type=\"container\" data-settings=\"{&quot;background_background&quot;:&quot;classic&quot;}\">\n\t\t\t\t<div class=\"elementor-element elementor-element-57243b5 elementor-widget elementor-widget-image\" data-id=\"57243b5\" data-element_type=\"widget\" data-widget_type=\"image.default\">\n\t\t\t\t<div class=\"elementor-widget-container\">\n\t\t\t\t\t\t\t\t\t\t\t\t\t\t\t<img fetchpriority=\"high\" decoding=\"async\" width=\"1536\" height=\"469\" src=\"https:\/\/digitaloutreach.pt\/wp-content\/uploads\/2024\/01\/desenvolvimento_integracoes-1536x469.png\" class=\"attachment-1536x1536 size-1536x1536 wp-image-288\" alt=\"\" srcset=\"https:\/\/digitaloutreach.pt\/wp-content\/uploads\/2024\/01\/desenvolvimento_integracoes-1536x469.png 1536w, https:\/\/digitaloutreach.pt\/wp-content\/uploads\/2024\/01\/desenvolvimento_integracoes-300x92.png 300w, https:\/\/digitaloutreach.pt\/wp-content\/uploads\/2024\/01\/desenvolvimento_integracoes-1024x313.png 1024w, https:\/\/digitaloutreach.pt\/wp-content\/uploads\/2024\/01\/desenvolvimento_integracoes-768x234.png 768w, https:\/\/digitaloutreach.pt\/wp-content\/uploads\/2024\/01\/desenvolvimento_integracoes-18x5.png 18w, https:\/\/digitaloutreach.pt\/wp-content\/uploads\/2024\/01\/desenvolvimento_integracoes.png 1857w\" sizes=\"(max-width: 1536px) 100vw, 1536px\" \/>\t\t\t\t\t\t\t\t\t\t\t\t\t\t\t<\/div>\n\t\t\t\t<\/div>\n\t\t\t\t<\/div>\n\t\t<div class=\"elementor-element elementor-element-a2dae01 e-con-full e-flex wpr-particle-no wpr-jarallax-no wpr-parallax-no wpr-sticky-section-no e-con e-parent\" data-id=\"a2dae01\" data-element_type=\"container\" data-settings=\"{&quot;background_background&quot;:&quot;classic&quot;}\">\n\t\t<div class=\"elementor-element elementor-element-c5db8dd e-con-full e-flex wpr-particle-no wpr-jarallax-no wpr-parallax-no wpr-sticky-section-no e-con e-child\" data-id=\"c5db8dd\" data-element_type=\"container\">\n\t\t<div class=\"elementor-element elementor-element-ae00f2f e-con-full e-flex wpr-particle-no wpr-jarallax-no wpr-parallax-no wpr-sticky-section-no e-con e-child\" data-id=\"ae00f2f\" data-element_type=\"container\">\n\t\t\t\t<div class=\"elementor-element elementor-element-a9348ca elementor-widget elementor-widget-heading\" data-id=\"a9348ca\" data-element_type=\"widget\" data-widget_type=\"heading.default\">\n\t\t\t\t<div class=\"elementor-widget-container\">\n\t\t\t\t\t<h2 class=\"elementor-heading-title elementor-size-default\">Integrations<\/h2>\t\t\t\t<\/div>\n\t\t\t\t<\/div>\n\t\t\t\t<div class=\"elementor-element elementor-element-4a4f6d5 elementor-widget elementor-widget-text-editor\" data-id=\"4a4f6d5\" data-element_type=\"widget\" data-widget_type=\"text-editor.default\">\n\t\t\t\t<div class=\"elementor-widget-container\">\n\t\t\t\t\t\t\t\t\t<p>OutSystems' low-code platform allows you to add pre-built connectors, web services and APIs to your computer applications quickly and easily. It also allows you to integrate data, back-end and workflow or create customized connectors.<\/p>\t\t\t\t\t\t\t\t<\/div>\n\t\t\t\t<\/div>\n\t\t\t\t<\/div>\n\t\t<div class=\"elementor-element elementor-element-a654f0d e-con-full elementor-hidden-mobile e-flex wpr-particle-no wpr-jarallax-no wpr-parallax-no wpr-sticky-section-no e-con e-child\" data-id=\"a654f0d\" data-element_type=\"container\">\n\t\t\t\t<div class=\"elementor-element elementor-element-04e17c8 elementor-widget elementor-widget-image\" data-id=\"04e17c8\" data-element_type=\"widget\" data-widget_type=\"image.default\">\n\t\t\t\t<div class=\"elementor-widget-container\">\n\t\t\t\t\t\t\t\t\t\t\t\t\t\t\t<img decoding=\"async\" width=\"579\" height=\"194\" src=\"https:\/\/digitaloutreach.pt\/wp-content\/uploads\/2024\/01\/integracoes.png\" class=\"attachment-full size-full wp-image-289\" alt=\"\" srcset=\"https:\/\/digitaloutreach.pt\/wp-content\/uploads\/2024\/01\/integracoes.png 579w, https:\/\/digitaloutreach.pt\/wp-content\/uploads\/2024\/01\/integracoes-300x101.png 300w, https:\/\/digitaloutreach.pt\/wp-content\/uploads\/2024\/01\/integracoes-18x6.png 18w\" sizes=\"(max-width: 579px) 100vw, 579px\" \/>\t\t\t\t\t\t\t\t\t\t\t\t\t\t\t<\/div>\n\t\t\t\t<\/div>\n\t\t\t\t<\/div>\n\t\t\t\t<\/div>\n\t\t<div class=\"elementor-element elementor-element-2515b04 e-con-full e-flex wpr-particle-no wpr-jarallax-no wpr-parallax-no wpr-sticky-section-no e-con e-child\" data-id=\"2515b04\" data-element_type=\"container\">\n\t\t<div class=\"elementor-element elementor-element-d2c8975 e-con-full e-flex wpr-particle-no wpr-jarallax-no wpr-parallax-no wpr-sticky-section-no e-con e-child\" data-id=\"d2c8975\" data-element_type=\"container\">\n\t\t\t\t<div class=\"elementor-element elementor-element-c9f03c7 elementor-widget elementor-widget-heading\" data-id=\"c9f03c7\" data-element_type=\"widget\" data-widget_type=\"heading.default\">\n\t\t\t\t<div class=\"elementor-widget-container\">\n\t\t\t\t\t<h3 class=\"elementor-heading-title elementor-size-default translation-block\">Pre-built connectors ready for use in +400 systems<\/h3>\t\t\t\t<\/div>\n\t\t\t\t<\/div>\n\t\t\t\t<div class=\"elementor-element elementor-element-f6a581d elementor-widget elementor-widget-text-editor\" data-id=\"f6a581d\" data-element_type=\"widget\" data-widget_type=\"text-editor.default\">\n\t\t\t\t<div class=\"elementor-widget-container\">\n\t\t\t\t\t\t\t\t\t<p>It allows you to add pre-built connectors to the logic and workflows of systems such as SAP, MongoDB databases and<br \/>PostgreSQL and SaaS solutions such as Paypal and Salesforce.<br \/>Digital Outreach ensures that connectors are added and configured to guarantee secure connectivity.<\/p>\t\t\t\t\t\t\t\t<\/div>\n\t\t\t\t<\/div>\n\t\t\t\t<\/div>\n\t\t<div class=\"elementor-element elementor-element-ce8f59e e-con-full elementor-hidden-mobile e-flex wpr-particle-no wpr-jarallax-no wpr-parallax-no wpr-sticky-section-no e-con e-child\" data-id=\"ce8f59e\" data-element_type=\"container\">\n\t\t\t\t<div class=\"elementor-element elementor-element-2370743 elementor-widget elementor-widget-image\" data-id=\"2370743\" data-element_type=\"widget\" data-widget_type=\"image.default\">\n\t\t\t\t<div class=\"elementor-widget-container\">\n\t\t\t\t\t\t\t\t\t\t\t\t\t\t\t<img decoding=\"async\" width=\"517\" height=\"337\" src=\"https:\/\/digitaloutreach.pt\/wp-content\/uploads\/2024\/01\/conectores.png\" class=\"attachment-full size-full wp-image-290\" alt=\"\" srcset=\"https:\/\/digitaloutreach.pt\/wp-content\/uploads\/2024\/01\/conectores.png 517w, https:\/\/digitaloutreach.pt\/wp-content\/uploads\/2024\/01\/conectores-300x196.png 300w, https:\/\/digitaloutreach.pt\/wp-content\/uploads\/2024\/01\/conectores-18x12.png 18w\" sizes=\"(max-width: 517px) 100vw, 517px\" \/>\t\t\t\t\t\t\t\t\t\t\t\t\t\t\t<\/div>\n\t\t\t\t<\/div>\n\t\t\t\t<\/div>\n\t\t\t\t<\/div>\n\t\t\t\t<\/div>\n\t\t<div class=\"elementor-element elementor-element-f6c7b9c e-con-full e-flex wpr-particle-no wpr-jarallax-no wpr-parallax-no wpr-sticky-section-no e-con e-parent\" data-id=\"f6c7b9c\" data-element_type=\"container\">\n\t\t<div class=\"elementor-element elementor-element-2488739 e-con-full e-flex wpr-particle-no wpr-jarallax-no wpr-parallax-no wpr-sticky-section-no e-con e-child\" data-id=\"2488739\" data-element_type=\"container\">\n\t\t\t\t<div class=\"elementor-element elementor-element-c9fadbb elementor-widget elementor-widget-heading\" data-id=\"c9fadbb\" data-element_type=\"widget\" data-widget_type=\"heading.default\">\n\t\t\t\t<div class=\"elementor-widget-container\">\n\t\t\t\t\t<h2 class=\"elementor-heading-title elementor-size-default translation-block\">Access your data easily<\/h2>\t\t\t\t<\/div>\n\t\t\t\t<\/div>\n\t\t<div class=\"elementor-element elementor-element-0d6e83e e-con-full elementor-hidden-desktop elementor-hidden-laptop elementor-hidden-tablet e-flex wpr-particle-no wpr-jarallax-no wpr-parallax-no wpr-sticky-section-no e-con e-child\" data-id=\"0d6e83e\" data-element_type=\"container\" data-settings=\"{&quot;background_background&quot;:&quot;classic&quot;}\">\n\t\t\t\t<\/div>\n\t\t\t\t<div class=\"elementor-element elementor-element-28b4950 elementor-widget elementor-widget-text-editor\" data-id=\"28b4950\" data-element_type=\"widget\" data-widget_type=\"text-editor.default\">\n\t\t\t\t<div class=\"elementor-widget-container\">\n\t\t\t\t\t\t\t\t\t<p>Software is synonymous with data. <br \/>OutSystems' low-code platform includes SAP, OData and ABAP certified connectivity, offering low latency, regardless of the size of your data.<\/p>\t\t\t\t\t\t\t\t<\/div>\n\t\t\t\t<\/div>\n\t\t\t\t<\/div>\n\t\t<div class=\"elementor-element elementor-element-6dbe07d e-con-full elementor-hidden-mobile e-flex wpr-particle-no wpr-jarallax-no wpr-parallax-no wpr-sticky-section-no e-con e-child\" data-id=\"6dbe07d\" data-element_type=\"container\" data-settings=\"{&quot;background_background&quot;:&quot;classic&quot;}\">\n\t\t\t\t<\/div>\n\t\t\t\t<\/div>\n\t\t<div class=\"elementor-element elementor-element-740a758 e-con-full e-flex wpr-particle-no wpr-jarallax-no wpr-parallax-no wpr-sticky-section-no e-con e-child\" data-id=\"740a758\" data-element_type=\"container\">\n\t\t\t\t<div class=\"elementor-element elementor-element-929da04 elementor-widget elementor-widget-html\" data-id=\"929da04\" data-element_type=\"widget\" data-widget_type=\"html.default\">\n\t\t\t\t<div class=\"elementor-widget-container\">\n\t\t\t\t\t<style>\n    \n<\/style>\n<a href=\"https:\/\/digitaloutreach.pt\/en\/contactos\/\" class=\"do-contact-button\">\n    <div class=\"elementor-icon\">\n\t\t\t<svg aria-hidden=\"true\" class=\"e-font-icon-svg e-fas-arrow-right\" viewbox=\"0 0 448 512\" xmlns=\"http:\/\/www.w3.org\/2000\/svg\"><path d=\"M190.5 66.9l22.2-22.2c9.4-9.4 24.6-9.4 33.9 0L441 239c9.4 9.4 9.4 24.6 0 33.9L246.6 467.3c-9.4 9.4-24.6 9.4-33.9 0l-22.2-22.2c-9.5-9.5-9.3-25 .4-34.3L311.4 296H24c-13.3 0-24-10.7-24-24v-32c0-13.3 10.7-24 24-24h287.4L190.9 101.2c-9.8-9.3-10-24.8-.4-34.3z\"><\/path><\/svg>\t\t\t<\/div>\n    <span>Shall we talk?<\/span>\n<\/a>\t\t\t\t<\/div>\n\t\t\t\t<\/div>\n\t\t\t\t<\/div>\n\t\t\t\t<\/div>","protected":false},"excerpt":{"rendered":"<p>Desenvolvimento e Integra\u00e7\u00e3o com OutSystems: Transforme ideias em realidade digital Obtenha um ROI maioral Explore o universo do desenvolvimento e integra\u00e7\u00e3o com a OutSystems, onde a inova\u00e7\u00e3o se encontra com a efici\u00eancia. Da conce\u00e7\u00e3o \u00e0 implementa\u00e7\u00e3o, mergulhe em solu\u00e7\u00f5es personalizadas quecapacitam as suas ideias, transformando-as em experi\u00eancias digitais significantes. Descubra como a nossa abordagem \u00e1gil e o low-code aceleram o ciclo dedesenvolvimento, permitindo alcan\u00e7ar metas de forma eficaz e competitiva. 0 MesesBreak even point * 0 % Retorno m\u00e9dio do investimento em 3 anos * 0 % Poupan\u00e7a em custos de desenvolvimento,evolu\u00e7\u00e3o do SW e manuten\u00e7\u00e3o * * Dados baseados no \u200bRelat\u00f3rio Forrester TEI 2022\u200b, encomendado pela Outsystems Integra\u00e7\u00f5es A plataforma low-code da OutSystems permite adicionar, \u00e0s aplica\u00e7\u00f5es inform\u00e1ticas, conectores, servi\u00e7os para web e APIs pr\u00e9-criados, de forma r\u00e1pida e f\u00e1cil. Permite, ainda, integra\u00e7\u00e3o de dados, back-end e fluxo de trabalho ou criar conectores customizados. Conectores pr\u00e9-criadosprontos para usoem +400 sistemas Permite adicionar conectores pr\u00e9-criados \u00e0 l\u00f3gica e aos fluxos de trabalho de sistemas como SAP, bancos de dados MongoDB ePostgreSQL e solu\u00e7\u00f5es SaaS, como Paypal e Salesforce.A Digital Outreach assegura a adi\u00e7\u00e3o de conectores e a configura\u00e7\u00e3o para garantir a seguran\u00e7a da conetividade. Aceda aos seusdados de forma f\u00e1cil Software \u00e9 sin\u00f3nimo de dados. A plataforma low-code da OutSystems contempla conectividade certificada SAP, OData e ABAP, oferecendo baixa lat\u00eancia, independentemente da dimens\u00e3o dos seus dados. Vamos falar?<\/p>","protected":false},"author":1,"featured_media":0,"parent":0,"menu_order":0,"comment_status":"closed","ping_status":"closed","template":"elementor_header_footer","meta":{"footnotes":""},"class_list":["post-206","page","type-page","status-publish","hentry"],"_links":{"self":[{"href":"https:\/\/digitaloutreach.pt\/en\/wp-json\/wp\/v2\/pages\/206","targetHints":{"allow":["GET"]}}],"collection":[{"href":"https:\/\/digitaloutreach.pt\/en\/wp-json\/wp\/v2\/pages"}],"about":[{"href":"https:\/\/digitaloutreach.pt\/en\/wp-json\/wp\/v2\/types\/page"}],"author":[{"embeddable":true,"href":"https:\/\/digitaloutreach.pt\/en\/wp-json\/wp\/v2\/users\/1"}],"replies":[{"embeddable":true,"href":"https:\/\/digitaloutreach.pt\/en\/wp-json\/wp\/v2\/comments?post=206"}],"version-history":[{"count":31,"href":"https:\/\/digitaloutreach.pt\/en\/wp-json\/wp\/v2\/pages\/206\/revisions"}],"predecessor-version":[{"id":1560,"href":"https:\/\/digitaloutreach.pt\/en\/wp-json\/wp\/v2\/pages\/206\/revisions\/1560"}],"wp:attachment":[{"href":"https:\/\/digitaloutreach.pt\/en\/wp-json\/wp\/v2\/media?parent=206"}],"curies":[{"name":"wp","href":"https:\/\/api.w.org\/{rel}","templated":true}]}}